{"id":123,"date":"2025-08-25T14:08:18","date_gmt":"2025-08-25T12:08:18","guid":{"rendered":"https:\/\/devilboi.pl\/?page_id=123"},"modified":"2025-08-26T12:43:49","modified_gmt":"2025-08-26T10:43:49","slug":"home","status":"publish","type":"page","link":"https:\/\/devilboi.pl\/?page_id=123","title":{"rendered":"HOME"},"content":{"rendered":"\t\t<div data-elementor-type=\"wp-page\" data-elementor-id=\"123\" class=\"elementor elementor-123\">\n\t\t\t\t<div class=\"elementor-element elementor-element-d03c9b3 e-flex e-con-boxed e-con e-parent\" data-id=\"d03c9b3\" data-element_type=\"container\">\n\t\t\t\t\t<div class=\"e-con-inner\">\n\t\t<div class=\"elementor-element elementor-element-37a7e3f e-con-full e-flex e-con e-child\" data-id=\"37a7e3f\" data-element_type=\"container\">\n\t\t\t\t<div class=\"elementor-element elementor-element-322a322 elementor-widget elementor-widget-heading\" data-id=\"322a322\" data-element_type=\"widget\" data-widget_type=\"heading.default\">\n\t\t\t\t\t<h2 class=\"elementor-heading-title elementor-size-default\">TWOJE WSPARCIE MA ZNACZENIE<\/h2>\t\t\t\t<\/div>\n\t\t\t\t<div class=\"elementor-element elementor-element-be1cd64 elementor-widget elementor-widget-text-editor\" data-id=\"be1cd64\" data-element_type=\"widget\" data-widget_type=\"text-editor.default\">\n\t\t\t\t\t\t\t\t\t<p data-start=\"74\" data-end=\"492\">Je\u015bli masz ochot\u0119 mnie wesprze\u0107 \u2013 dorzuci\u0107 par\u0119 groszy na zabawki lub smaczki dla piesk\u00f3w \u2013 b\u0119d\u0119 ogromnie wdzi\u0119czny!<br data-start=\"190\" data-end=\"193\" \/>W tych czasach ka\u017cda kwota ma znaczenie i bardzo to doceniam.<br data-start=\"254\" data-end=\"257\" \/>Zach\u0119cam r\u00f3wnie\u017c do zakupu gotowego wzoru lub zam\u00f3wienia w\u0142asnego, indywidualnego projektu \u2013 to niepowtarzalna pami\u0105tka na ca\u0142e \u017cycie. Moje rysunki \u015bwietnie prezentuj\u0105 si\u0119 w ramce na \u015bcianie\u2026 a my\u015bl\u0119, \u017ce na sk\u00f3rze te\u017c si\u0119 obroni\u0105. \ud83d\ude09<br \/><br \/>Numer konta: 41 1090 1320 0000 0001 2394 8163<\/p><p data-start=\"494\" data-end=\"584\">Dzi\u0119kuj\u0119 raz jeszcze i pozdrawiam prosto z gor\u0105cego piek\u0142a \u2013 ca\u0142ym swoim czarnym sercem.<\/p><p data-start=\"586\" data-end=\"599\"><em><strong>DeEvilBoi<\/strong><\/em><\/p>\t\t\t\t\t\t\t\t<\/div>\n\t\t\t\t<div class=\"elementor-element elementor-element-ed286cf elementor-align-center elementor-widget elementor-widget-button\" data-id=\"ed286cf\" data-element_type=\"widget\" data-widget_type=\"button.default\">\n\t\t\t\t\t\t\t\t\t\t<a class=\"elementor-button elementor-button-link elementor-size-sm\" href=\"https:\/\/www.paypal.com\/paypalme\/DeEvilBoi\">\n\t\t\t\t\t\t<span class=\"elementor-button-content-wrapper\">\n\t\t\t\t\t\t<span class=\"elementor-button-icon\">\n\t\t\t\t<svg aria-hidden=\"true\" class=\"e-font-icon-svg e-fas-coffee\" viewBox=\"0 0 640 512\" xmlns=\"http:\/\/www.w3.org\/2000\/svg\"><path d=\"M192 384h192c53 0 96-43 96-96h32c70.6 0 128-57.4 128-128S582.6 32 512 32H120c-13.3 0-24 10.7-24 24v232c0 53 43 96 96 96zM512 96c35.3 0 64 28.7 64 64s-28.7 64-64 64h-32V96h32zm47.7 384H48.3c-47.6 0-61-64-36-64h583.3c25 0 11.8 64-35.9 64z\"><\/path><\/svg>\t\t\t<\/span>\n\t\t\t\t\t\t\t\t\t<span class=\"elementor-button-text\">POSTAW MI KAW\u0118!<\/span>\n\t\t\t\t\t<\/span>\n\t\t\t\t\t<\/a>\n\t\t\t\t\t\t\t\t<\/div>\n\t\t\t\t<\/div>\n\t\t<div class=\"elementor-element elementor-element-45581f4 e-con-full e-flex e-con e-child\" data-id=\"45581f4\" data-element_type=\"container\">\n\t\t\t\t<div class=\"elementor-element elementor-element-392ea41 elementor-widget elementor-widget-image\" data-id=\"392ea41\" data-element_type=\"widget\" data-widget_type=\"image.default\">\n\t\t\t\t\t\t\t\t\t\t\t\t\t\t\t<img fetchpriority=\"high\" decoding=\"async\" width=\"731\" height=\"800\" src=\"https:\/\/devilboi.pl\/wp-content\/uploads\/2025\/08\/5-2-936x1024.jpg\" class=\"attachment-large size-large wp-image-146\" alt=\"\" srcset=\"https:\/\/devilboi.pl\/wp-content\/uploads\/2025\/08\/5-2-936x1024.jpg 936w, https:\/\/devilboi.pl\/wp-content\/uploads\/2025\/08\/5-2-274x300.jpg 274w, https:\/\/devilboi.pl\/wp-content\/uploads\/2025\/08\/5-2-768x840.jpg 768w, https:\/\/devilboi.pl\/wp-content\/uploads\/2025\/08\/5-2-600x656.jpg 600w, https:\/\/devilboi.pl\/wp-content\/uploads\/2025\/08\/5-2.jpg 1245w\" sizes=\"(max-width: 731px) 100vw, 731px\" \/>\t\t\t\t\t\t\t\t\t\t\t\t\t\t\t<\/div>\n\t\t\t\t<\/div>\n\t\t\t\t\t<\/div>\n\t\t\t\t<\/div>\n\t\t\t\t<\/div>\n\t\t","protected":false},"excerpt":{"rendered":"<p>TWOJE WSPARCIE MA ZNACZENIE Je\u015bli masz ochot\u0119 mnie wesprze\u0107 \u2013 dorzuci\u0107 par\u0119 groszy na zabawki lub smaczki dla piesk\u00f3w \u2013 [&hellip;]<\/p>\n","protected":false},"author":1,"featured_media":97,"parent":0,"menu_order":1,"comment_status":"closed","ping_status":"closed","template":"elementor_header_footer","meta":{"site-sidebar-layout":"no-sidebar","site-content-layout":"","ast-site-content-layout":"full-width-container","site-content-style":"default","site-sidebar-style":"default","ast-global-header-display":"","ast-banner-title-visibility":"","ast-main-header-display":"","ast-hfb-above-header-display":"","ast-hfb-below-header-display":"","ast-hfb-mobile-header-display":"","site-post-title":"","ast-breadcrumbs-content":"","ast-featured-img":"disabled","footer-sml-layout":"","theme-transparent-header-meta":"","adv-header-id-meta":"","stick-header-meta":"","header-above-stick-meta":"","header-main-stick-meta":"","header-below-stick-meta":"","astra-migrate-meta-layouts":"default","ast-page-background-enabled":"default","ast-page-background-meta":{"desktop":{"background-color":"var(--ast-global-color-5)","background-image":"","background-repeat":"repeat","background-position":"center center","background-size":"auto","background-attachment":"scroll","background-type":"","background-media":"","overlay-type":"","overlay-color":"","overlay-opacity":"","overlay-gradient":""},"tablet":{"background-color":"","background-image":"","background-repeat":"repeat","background-position":"center center","background-size":"auto","background-attachment":"scroll","background-type":"","background-media":"","overlay-type":"","overlay-color":"","overlay-opacity":"","overlay-gradient":""},"mobile":{"background-color":"","background-image":"","background-repeat":"repeat","background-position":"center center","background-size":"auto","background-attachment":"scroll","background-type":"","background-media":"","overlay-type":"","overlay-color":"","overlay-opacity":"","overlay-gradient":""}},"ast-content-background-meta":{"desktop":{"background-color":"var(--ast-global-color-4)","background-image":"","background-repeat":"repeat","background-position":"center center","background-size":"auto","background-attachment":"scroll","background-type":"","background-media":"","overlay-type":"","overlay-color":"","overlay-opacity":"","overlay-gradient":""},"tablet":{"background-color":"var(--ast-global-color-4)","background-image":"","background-repeat":"repeat","background-position":"center center","background-size":"auto","background-attachment":"scroll","background-type":"","background-media":"","overlay-type":"","overlay-color":"","overlay-opacity":"","overlay-gradient":""},"mobile":{"background-color":"var(--ast-global-color-4)","background-image":"","background-repeat":"repeat","background-position":"center center","background-size":"auto","background-attachment":"scroll","background-type":"","background-media":"","overlay-type":"","overlay-color":"","overlay-opacity":"","overlay-gradient":""}},"footnotes":""},"class_list":["post-123","page","type-page","status-publish","has-post-thumbnail","hentry"],"_links":{"self":[{"href":"https:\/\/devilboi.pl\/index.php?rest_route=\/wp\/v2\/pages\/123","targetHints":{"allow":["GET"]}}],"collection":[{"href":"https:\/\/devilboi.pl\/index.php?rest_route=\/wp\/v2\/pages"}],"about":[{"href":"https:\/\/devilboi.pl\/index.php?rest_route=\/wp\/v2\/types\/page"}],"author":[{"embeddable":true,"href":"https:\/\/devilboi.pl\/index.php?rest_route=\/wp\/v2\/users\/1"}],"replies":[{"embeddable":true,"href":"https:\/\/devilboi.pl\/index.php?rest_route=%2Fwp%2Fv2%2Fcomments&post=123"}],"version-history":[{"count":19,"href":"https:\/\/devilboi.pl\/index.php?rest_route=\/wp\/v2\/pages\/123\/revisions"}],"predecessor-version":[{"id":161,"href":"https:\/\/devilboi.pl\/index.php?rest_route=\/wp\/v2\/pages\/123\/revisions\/161"}],"wp:featuredmedia":[{"embeddable":true,"href":"https:\/\/devilboi.pl\/index.php?rest_route=\/wp\/v2\/media\/97"}],"wp:attachment":[{"href":"https:\/\/devilboi.pl\/index.php?rest_route=%2Fwp%2Fv2%2Fmedia&parent=123"}],"curies":[{"name":"wp","href":"https:\/\/api.w.org\/{rel}","templated":true}]}}